{"id":31,"date":"2021-05-15T10:27:43","date_gmt":"2021-05-15T08:27:43","guid":{"rendered":"https:\/\/harmonie-corps-et-esprit.fr\/?page_id=31"},"modified":"2022-10-29T17:39:10","modified_gmt":"2022-10-29T15:39:10","slug":"contact","status":"publish","type":"page","link":"https:\/\/harmonie-corps-et-esprit.fr\/index.php\/contact\/","title":{"rendered":"Contact"},"content":{"rendered":"\n<div class=\"wp-block-group has-vivid-green-cyan-background-color has-background\"><div class=\"wp-block-group__inner-container is-layout-flow wp-block-group-is-layout-flow\">\n<p class=\"has-black-color has-text-color\">Facebook : <a href=\"https:\/\/www.facebook.com\/audrey.kernec\" target=\"_blank\" rel=\"noreferrer noopener\">https:\/\/www.facebook.com\/audrey.kernec<\/a><\/p>\n\n\n\n<p>Page facebook : <a href=\"https:\/\/www.facebook.com\/massagesaudreysaintfelicien\">@massagesaudreysaintfelicien<\/a><\/p>\n\n\n\n<p class=\"has-black-color has-text-color\">T. : 06 75 25 80 61<br><br>Adresses : <br>&#8211; 450 route de Balayn 07410 Saint-f\u00e9licien<br>&#8211; <a href=\"https:\/\/www.hotel-le-felicien.fr\/\">Le F\u00e9licien<\/a>, h\u00f4tel restaurant sur Saint-f\u00e9licien <br>&#8211; A votre domicile.<br><br>Mail : <a href=\"mailto:harmonie-corps-esprit@orange.fr\">harmonie-corps-esprit@orange.fr<\/a><\/p>\n<\/div><\/div>\n\n\n\n<p><\/p>\n","protected":false},"excerpt":{"rendered":"<p>Facebook : https:\/\/www.facebook.com\/audrey.kernec Page facebook : @massagesaudreysaintfelicien T. : 06 75 25 80 61 Adresses : &#8211; 450 route de Balayn 07410 Saint-f\u00e9licien&#8211; Le F\u00e9licien, h\u00f4tel restaurant sur Saint-f\u00e9licien &#8211; A votre domicile. Mail : harmonie-corps-esprit@orange.fr<\/p>\n","protected":false},"author":1,"featured_media":0,"parent":0,"menu_order":0,"comment_status":"closed","ping_status":"open","template":"","meta":{"footnotes":""},"class_list":["post-31","page","type-page","status-publish","hentry"],"_links":{"self":[{"href":"https:\/\/harmonie-corps-et-esprit.fr\/index.php\/wp-json\/wp\/v2\/pages\/31","targetHints":{"allow":["GET"]}}],"collection":[{"href":"https:\/\/harmonie-corps-et-esprit.fr\/index.php\/wp-json\/wp\/v2\/pages"}],"about":[{"href":"https:\/\/harmonie-corps-et-esprit.fr\/index.php\/wp-json\/wp\/v2\/types\/page"}],"author":[{"embeddable":true,"href":"https:\/\/harmonie-corps-et-esprit.fr\/index.php\/wp-json\/wp\/v2\/users\/1"}],"replies":[{"embeddable":true,"href":"https:\/\/harmonie-corps-et-esprit.fr\/index.php\/wp-json\/wp\/v2\/comments?post=31"}],"version-history":[{"count":11,"href":"https:\/\/harmonie-corps-et-esprit.fr\/index.php\/wp-json\/wp\/v2\/pages\/31\/revisions"}],"predecessor-version":[{"id":317,"href":"https:\/\/harmonie-corps-et-esprit.fr\/index.php\/wp-json\/wp\/v2\/pages\/31\/revisions\/317"}],"wp:attachment":[{"href":"https:\/\/harmonie-corps-et-esprit.fr\/index.php\/wp-json\/wp\/v2\/media?parent=31"}],"curies":[{"name":"wp","href":"https:\/\/api.w.org\/{rel}","templated":true}]}}